{"id":195,"date":"2025-10-22T23:07:31","date_gmt":"2025-10-22T23:07:31","guid":{"rendered":"https:\/\/koreni.co.rs\/?page_id=195"},"modified":"2025-10-22T23:07:31","modified_gmt":"2025-10-22T23:07:31","slug":"o-nama","status":"publish","type":"page","link":"https:\/\/koreni.co.rs\/?page_id=195","title":{"rendered":"O NAMA"},"content":{"rendered":"\n<p>Portal KORENI logi\u010dna je posledica postojanja televizije Koreni, jedinog porodi\u010dnog TV kanala iz Srbije i u Srbiji, a koji se bavi nasle\u0111em, tradicijom i svim onim temama i oblastima koje defini\u0161u drustvenu zajednicu u Srbiji.<\/p>\n\n\n\n<p>Ono \u0161to TV KORENI, samim tim i portal KORENI isti\u010de od ostalih jeste \u010dinjenica da je glavna ciljna grupa \u2013 srpska dijaspora, bolje re\u010deno, svi oni pripadnici srpskog nacionalnog bi\u0107a koji su iz raznih razloga nastavili svoj \u017eivot u drugim zemljama sveta.<\/p>\n\n\n\n<p>Ovde napominjemo i to da se program TV Koreni prati osim u Srbiji, i u zemljama bli\u017eeg regiona &#8211; Crnoj Gori, Bosni i Hercegovini i Severnoj Makedoniji, a na\u0161i ljudi koji \u017eive i rade u drugim zemljama Evrope &#8211; u Austriji, Nema\u010dkoj i \u0160vajcarskoj.<\/p>\n\n\n\n<p>Sama \u010dinjenica da je portal KORENI tematski blizak TV Koreni, ali i to da internet komunikacije omogu\u0107avaju vidljivost i dostupnost 24\/7, svuda u svetu, to daje zna\u010dajnu prednost ovom portalu kao mestu na kome mo\u017eete \u010ditati, gledati i slu\u0161ati odgovaraju\u0107e zapise iz Srbije. Oni su raspodeljeni na oblasti u okviru dela na portalu koji nosi naziv SVE STRANE SRBIJE. U ovom delu na\u0107i \u0107ete zapise pod jedinstvenim nazivom &#8211; KORENI DUHOVNOSTI, zatim svedo\u010denja kulturnih poslenika o tome \u0161ta su to KORENI KULTURE, dajemo, dalje, uvid u to \u0161ta rade&nbsp; SRBI U SVETU, podse\u0107ati na PODVIGE I PODVI\u017dNIKE \u2013 zna\u010dajne datume, doga\u0111aje, ljude i pojave sa na\u0161ih prostora. Malo \u0107emo se baviti onom va\u017enom obla\u0161\u0107u za ukupno stanje nacije a pod nazivom KORENI ZDRAVOG \u017dIVOTA, dok \u0107ete neposredne zapise iz duhovne, kulturne, i druge istorije na\u0161eg naroda i na\u0161eg prostora na\u0107i u istoimenoj rubrici \u2013 ZAPISI.<\/p>\n\n\n\n<p>Ideja je i da ovaj portal ima odgovaraju\u0107u interaktivnu ulogu koju \u0107emo sprovoditi kroz realizaciju projekata.<\/p>\n\n\n\n<p>Mi \u0107emo se truditi da sadr\u017eaj koji vama odgovara, bude dostupan u odgovaraju\u0107oj formi i formatu, a na vama je da u\u017eivate i da nas po potrebi kontaktirate, kako bi ovo mesto na internetu imalo svoju \u017eivotnost. Da bismo saznali va\u0161e ocene i utiske, posetite stranu KONTAKTI (koreniportal@gmail.com), a u IMPRESSUM-u stoji ko je sve odgovoran za dati sadr\u017eaj portala KORENI.<\/p>\n\n\n\n<p>Dobro nam do\u0161li!<\/p>\n","protected":false},"excerpt":{"rendered":"<p>Portal KORENI logi\u010dna je posledica postojanja televizije Koreni, jedinog porodi\u010dnog TV kanala iz Srbije i u Srbiji, a koji se bavi nasle\u0111em, tradicijom i svim onim temama i oblastima koje defini\u0161u drustvenu zajednicu u Srbiji. Ono \u0161to TV KORENI, samim tim i portal KORENI isti\u010de od ostalih jeste \u010dinjenica da je glavna ciljna grupa \u2013 srpska dijaspora, bolje re\u010deno, svi oni pripadnici srpskog nacionalnog bi\u0107a koji su iz raznih razloga nastavili svoj \u017eivot u drugim zemljama sveta. Ovde napominjemo i to da se program TV Koreni prati osim u Srbiji,&#8230; <\/p>\n","protected":false},"author":1,"featured_media":0,"parent":0,"menu_order":0,"comment_status":"closed","ping_status":"closed","template":"","meta":{"footnotes":""},"class_list":["post-195","page","type-page","status-publish","hentry"],"_links":{"self":[{"href":"https:\/\/koreni.co.rs\/index.php?rest_route=\/wp\/v2\/pages\/195","targetHints":{"allow":["GET"]}}],"collection":[{"href":"https:\/\/koreni.co.rs\/index.php?rest_route=\/wp\/v2\/pages"}],"about":[{"href":"https:\/\/koreni.co.rs\/index.php?rest_route=\/wp\/v2\/types\/page"}],"author":[{"embeddable":true,"href":"https:\/\/koreni.co.rs\/index.php?rest_route=\/wp\/v2\/users\/1"}],"replies":[{"embeddable":true,"href":"https:\/\/koreni.co.rs\/index.php?rest_route=%2Fwp%2Fv2%2Fcomments&post=195"}],"version-history":[{"count":1,"href":"https:\/\/koreni.co.rs\/index.php?rest_route=\/wp\/v2\/pages\/195\/revisions"}],"predecessor-version":[{"id":196,"href":"https:\/\/koreni.co.rs\/index.php?rest_route=\/wp\/v2\/pages\/195\/revisions\/196"}],"wp:attachment":[{"href":"https:\/\/koreni.co.rs\/index.php?rest_route=%2Fwp%2Fv2%2Fmedia&parent=195"}],"curies":[{"name":"wp","href":"https:\/\/api.w.org\/{rel}","templated":true}]}}