{"id":199,"date":"2025-10-22T23:10:13","date_gmt":"2025-10-22T23:10:13","guid":{"rendered":"https:\/\/koreni.co.rs\/?page_id=199"},"modified":"2025-10-22T23:10:13","modified_gmt":"2025-10-22T23:10:13","slug":"impressum","status":"publish","type":"page","link":"https:\/\/koreni.co.rs\/?page_id=199","title":{"rendered":"IMPRESSUM"},"content":{"rendered":"\n<p>Televizija sporta i zdravlja SOS KANAL PLUS d.o.o. Beograd-Savski Venac<\/p>\n\n\n\n<p>Direktor<\/p>\n\n\n\n<p>Aleksandar Milutinovi\u0107<\/p>\n\n\n\n<p>Urednik portala<\/p>\n\n\n\n<p>Aleksandar Kovand\u017ei\u0107<\/p>\n\n\n\n<p><\/p>\n","protected":false},"excerpt":{"rendered":"<p>Televizija sporta i zdravlja SOS KANAL PLUS d.o.o. Beograd-Savski Venac Direktor Aleksandar Milutinovi\u0107 Urednik portala Aleksandar Kovand\u017ei\u0107<\/p>\n","protected":false},"author":1,"featured_media":0,"parent":0,"menu_order":0,"comment_status":"closed","ping_status":"closed","template":"","meta":{"footnotes":""},"class_list":["post-199","page","type-page","status-publish","hentry"],"_links":{"self":[{"href":"https:\/\/koreni.co.rs\/index.php?rest_route=\/wp\/v2\/pages\/199","targetHints":{"allow":["GET"]}}],"collection":[{"href":"https:\/\/koreni.co.rs\/index.php?rest_route=\/wp\/v2\/pages"}],"about":[{"href":"https:\/\/koreni.co.rs\/index.php?rest_route=\/wp\/v2\/types\/page"}],"author":[{"embeddable":true,"href":"https:\/\/koreni.co.rs\/index.php?rest_route=\/wp\/v2\/users\/1"}],"replies":[{"embeddable":true,"href":"https:\/\/koreni.co.rs\/index.php?rest_route=%2Fwp%2Fv2%2Fcomments&post=199"}],"version-history":[{"count":1,"href":"https:\/\/koreni.co.rs\/index.php?rest_route=\/wp\/v2\/pages\/199\/revisions"}],"predecessor-version":[{"id":200,"href":"https:\/\/koreni.co.rs\/index.php?rest_route=\/wp\/v2\/pages\/199\/revisions\/200"}],"wp:attachment":[{"href":"https:\/\/koreni.co.rs\/index.php?rest_route=%2Fwp%2Fv2%2Fmedia&parent=199"}],"curies":[{"name":"wp","href":"https:\/\/api.w.org\/{rel}","templated":true}]}}