{"id":208,"date":"2025-10-22T23:30:49","date_gmt":"2025-10-22T23:30:49","guid":{"rendered":"https:\/\/koreni.co.rs\/?page_id=208"},"modified":"2025-10-22T23:34:27","modified_gmt":"2025-10-22T23:34:27","slug":"208-2","status":"publish","type":"page","link":"https:\/\/koreni.co.rs\/?page_id=208","title":{"rendered":"KONTAKT"},"content":{"rendered":"<div class=\"su-gmap su-u-responsive-media-yes\"><iframe loading=\"lazy\" width=\"600\" height=\"400\" src=\"\/\/maps.google.com\/maps?q=Bulevar%20Vojvode%20Misica%2039a&amp;output=embed&amp;z=15\" title=\"GDE SE NALAZIMO\"><\/iframe><\/div>\n<p>&nbsp;<\/p>\n<p>Vlasnik<\/p>\n<p>Televizija sporta i zdravlja SOS KANAL PLUS d.o.o. Beograd-Savski Venac<\/p>\n<p>Direktor<\/p>\n<p>Aleksandar Milutinovi\u0107<\/p>\n<p>Urednik portala<\/p>\n<p>Aleksandar Kovand\u017ei\u0107<\/p>\n<p>&nbsp;<\/p>\n<p>e-mail: <a href=\"mailto:koreniportal@gmail.com\">koreniportal@gmail.com<\/a><\/p>\n","protected":false},"excerpt":{"rendered":"<p>&nbsp; Vlasnik Televizija sporta i zdravlja SOS KANAL PLUS d.o.o. Beograd-Savski Venac Direktor Aleksandar Milutinovi\u0107 Urednik portala Aleksandar Kovand\u017ei\u0107 &nbsp; e-mail: koreniportal@gmail.com<\/p>\n","protected":false},"author":1,"featured_media":0,"parent":0,"menu_order":0,"comment_status":"closed","ping_status":"closed","template":"","meta":{"footnotes":""},"class_list":["post-208","page","type-page","status-publish","hentry"],"_links":{"self":[{"href":"https:\/\/koreni.co.rs\/index.php?rest_route=\/wp\/v2\/pages\/208","targetHints":{"allow":["GET"]}}],"collection":[{"href":"https:\/\/koreni.co.rs\/index.php?rest_route=\/wp\/v2\/pages"}],"about":[{"href":"https:\/\/koreni.co.rs\/index.php?rest_route=\/wp\/v2\/types\/page"}],"author":[{"embeddable":true,"href":"https:\/\/koreni.co.rs\/index.php?rest_route=\/wp\/v2\/users\/1"}],"replies":[{"embeddable":true,"href":"https:\/\/koreni.co.rs\/index.php?rest_route=%2Fwp%2Fv2%2Fcomments&post=208"}],"version-history":[{"count":8,"href":"https:\/\/koreni.co.rs\/index.php?rest_route=\/wp\/v2\/pages\/208\/revisions"}],"predecessor-version":[{"id":216,"href":"https:\/\/koreni.co.rs\/index.php?rest_route=\/wp\/v2\/pages\/208\/revisions\/216"}],"wp:attachment":[{"href":"https:\/\/koreni.co.rs\/index.php?rest_route=%2Fwp%2Fv2%2Fmedia&parent=208"}],"curies":[{"name":"wp","href":"https:\/\/api.w.org\/{rel}","templated":true}]}}